{"id":453,"date":"2025-07-15T15:37:20","date_gmt":"2025-07-15T13:37:20","guid":{"rendered":"https:\/\/nutripro.space\/rohrbach\/?page_id=453"},"modified":"2025-08-13T15:01:19","modified_gmt":"2025-08-13T13:01:19","slug":"impressum","status":"publish","type":"page","link":"https:\/\/nutripro.space\/rohrbach\/impressum\/","title":{"rendered":"Impressum"},"content":{"rendered":"\t\t<div data-elementor-type=\"wp-page\" data-elementor-id=\"453\" class=\"elementor elementor-453\" data-elementor-post-type=\"page\">\n\t\t\t\t<div class=\"elementor-element elementor-element-8e65312 e-flex e-con-boxed e-con e-parent\" data-id=\"8e65312\" data-element_type=\"container\" data-e-type=\"container\">\n\t\t\t\t\t<div class=\"e-con-inner\">\n\t\t<div class=\"elementor-element elementor-element-d6af902 e-con-full e-flex e-con e-child\" data-id=\"d6af902\" data-element_type=\"container\" data-e-type=\"container\">\n\t\t\t\t<div class=\"elementor-element elementor-element-6da255e elementor-widget__width-initial elementor-widget elementor-widget-heading\" data-id=\"6da255e\" data-element_type=\"widget\" data-e-type=\"widget\" data-widget_type=\"heading.default\">\n\t\t\t\t<div class=\"elementor-widget-container\">\n\t\t\t\t\t<h2 class=\"elementor-heading-title elementor-size-default\">Impressum<\/h2>\t\t\t\t<\/div>\n\t\t\t\t<\/div>\n\t\t\t\t<div class=\"elementor-element elementor-element-c9d80ce elementor-widget elementor-widget-text-editor\" data-id=\"c9d80ce\" data-element_type=\"widget\" data-e-type=\"widget\" data-widget_type=\"text-editor.default\">\n\t\t\t\t<div class=\"elementor-widget-container\">\n\t\t\t\t\t\t\t\t\t<p><strong>Name:<\/strong><br \/>Laura Kainberger<\/p><p><strong>Addresse:<\/strong><br \/>Krumauerstra\u00dfe 7<br \/>4160 Aigen-Schl\u00e4gl<\/p><p><strong>Unternehmensgegenstand:<\/strong><br \/>Ern\u00e4hrungstraining<\/p><p><strong>Kontaktdaten:<\/strong><br \/><a class=\"\" href=\"tel:+436641938180\" data-jwlink-type=\"phone\" data-jwlink-identifier=\"+436641938180\" data-jwlink-title=\"+436641938180\">+43 66424400<\/a><br \/><a class=\"\" href=\"mailto:info@nutripro.at\" data-jwlink-type=\"email\" data-jwlink-identifier=\"info@nutripro.at\" data-jwlink-title=\"info@nutripro.at\">laura@nutripro.at<\/a><\/p><p>Kleinunternehmer im Sinne von \u00a76 Abs. 1 Z 27 UStG \u2013 keine Umsatzsteuer ausgewiesen<\/p><p><strong>Angaben zur Online-Streitbeilegung:<\/strong><br \/>Verbraucher haben die M\u00f6glichkeit, Beschwerden an die\u00a0<a href=\"http:\/\/ec.europa.eu\/odr\" target=\"_blank\" rel=\"noopener nofollow\">Online-Streitbeilegungsplattform der EU<\/a>\u00a0zu richten. Sie k\u00f6nnen allf\u00e4llige Beschwerde auch an die angegebene E-Mail-Adresse richten.<\/p><p class=\"\"><strong><span class=\"\">Rechtliche Hinweise:<\/span><\/strong><span class=\"\"><br \/><\/span><span class=\"\">Das NutriPro Erfolgskonzept dient ausschlie\u00dflich der allgemeinen Wissensvermittlung und ersetzt keine medizinische oder di\u00e4tologische Beratung oder Therapie.<\/span><\/p><p class=\"\"><span class=\"\">Das Ern\u00e4hrungstraining f\u00e4llt nicht unter die Anforderungen der Ern\u00e4hrungsberatung gem\u00e4\u00df \u00a7 119 Abs. 1 GewO, da es sich um allgemeine Wissensvermittlung in Form von Unterrichtst\u00e4tigkeit handelt, die gem\u00e4\u00df \u00a7 2 GewO vom Anwendungsbereich der Gewerbeordnung ausgenommen ist.<\/span><\/p><p class=\"\"><span class=\"\">F\u00fcr individuelle gesundheitliche Fragen oder spezielle di\u00e4tetische Bed\u00fcrfnisse wird empfohlen, eine*n Facharzt*\u00e4rztin oder eine*n qualifizierte*n Di\u00e4tologen*in zu konsultieren.<\/span><\/p>\t\t\t\t\t\t\t\t<\/div>\n\t\t\t\t<\/div>\n\t\t\t\t<\/div>\n\t\t\t\t\t<\/div>\n\t\t\t\t<\/div>\n\t\t\t\t<\/div>\n\t\t","protected":false},"excerpt":{"rendered":"<p>Impressum Name:Laura Kainberger Addresse:Krumauerstra\u00dfe 74160 Aigen-Schl\u00e4gl Unternehmensgegenstand:Ern\u00e4hrungstraining Kontaktdaten:+43 66424400laura@nutripro.at Kleinunternehmer im Sinne von \u00a76 Abs. 1 Z 27 UStG \u2013 keine Umsatzsteuer ausgewiesen Angaben zur Online-Streitbeilegung:Verbraucher haben die M\u00f6glichkeit, Beschwerden an die\u00a0Online-Streitbeilegungsplattform der EU\u00a0zu richten. Sie k\u00f6nnen allf\u00e4llige Beschwerde auch an die angegebene E-Mail-Adresse richten. Rechtliche Hinweise:Das NutriPro Erfolgskonzept dient ausschlie\u00dflich der allgemeinen Wissensvermittlung und [&hellip;]<\/p>\n","protected":false},"author":3,"featured_media":0,"parent":0,"menu_order":0,"comment_status":"closed","ping_status":"closed","template":"","meta":{"footnotes":""},"class_list":["post-453","page","type-page","status-publish","hentry"],"yoast_head":"<!-- This site is optimized with the Yoast SEO plugin v27.4 - https:\/\/yoast.com\/product\/yoast-seo-wordpress\/ -->\n<title>Impressum - NutriPro - Deine Ern\u00e4hrungsbegleitung in Rohrbach<\/title>\n<meta name=\"robots\" content=\"noindex, nofollow\" \/>\n<meta property=\"og:locale\" content=\"de_DE\" \/>\n<meta property=\"og:type\" content=\"article\" \/>\n<meta property=\"og:title\" content=\"Impressum - NutriPro - Deine Ern\u00e4hrungsbegleitung in Rohrbach\" \/>\n<meta property=\"og:description\" content=\"Impressum Name:Laura Kainberger Addresse:Krumauerstra\u00dfe 74160 Aigen-Schl\u00e4gl Unternehmensgegenstand:Ern\u00e4hrungstraining Kontaktdaten:+43 66424400laura@nutripro.at Kleinunternehmer im Sinne von \u00a76 Abs. 1 Z 27 UStG \u2013 keine Umsatzsteuer ausgewiesen Angaben zur Online-Streitbeilegung:Verbraucher haben die M\u00f6glichkeit, Beschwerden an die\u00a0Online-Streitbeilegungsplattform der EU\u00a0zu richten. Sie k\u00f6nnen allf\u00e4llige Beschwerde auch an die angegebene E-Mail-Adresse richten. Rechtliche Hinweise:Das NutriPro Erfolgskonzept dient ausschlie\u00dflich der allgemeinen Wissensvermittlung und [&hellip;]\" \/>\n<meta property=\"og:url\" content=\"https:\/\/nutripro.space\/rohrbach\/impressum\/\" \/>\n<meta property=\"og:site_name\" content=\"NutriPro - Deine Ern\u00e4hrungsbegleitung in Rohrbach\" \/>\n<meta property=\"article:modified_time\" content=\"2025-08-13T13:01:19+00:00\" \/>\n<meta name=\"twitter:card\" content=\"summary_large_image\" \/>\n<meta name=\"twitter:label1\" content=\"Gesch\u00e4tzte Lesezeit\" \/>\n\t<meta name=\"twitter:data1\" content=\"1\u00a0Minute\" \/>\n<script type=\"application\/ld+json\" class=\"yoast-schema-graph\">{\"@context\":\"https:\\\/\\\/schema.org\",\"@graph\":[{\"@type\":\"WebPage\",\"@id\":\"https:\\\/\\\/nutripro.space\\\/rohrbach\\\/impressum\\\/\",\"url\":\"https:\\\/\\\/nutripro.space\\\/rohrbach\\\/impressum\\\/\",\"name\":\"Impressum - NutriPro - Deine Ern\u00e4hrungsbegleitung in Rohrbach\",\"isPartOf\":{\"@id\":\"https:\\\/\\\/nutripro.space\\\/rohrbach\\\/#website\"},\"datePublished\":\"2025-07-15T13:37:20+00:00\",\"dateModified\":\"2025-08-13T13:01:19+00:00\",\"breadcrumb\":{\"@id\":\"https:\\\/\\\/nutripro.space\\\/rohrbach\\\/impressum\\\/#breadcrumb\"},\"inLanguage\":\"de\",\"potentialAction\":[{\"@type\":\"ReadAction\",\"target\":[\"https:\\\/\\\/nutripro.space\\\/rohrbach\\\/impressum\\\/\"]}]},{\"@type\":\"BreadcrumbList\",\"@id\":\"https:\\\/\\\/nutripro.space\\\/rohrbach\\\/impressum\\\/#breadcrumb\",\"itemListElement\":[{\"@type\":\"ListItem\",\"position\":1,\"name\":\"Startseite\",\"item\":\"https:\\\/\\\/nutripro.space\\\/rohrbach\\\/\"},{\"@type\":\"ListItem\",\"position\":2,\"name\":\"Impressum\"}]},{\"@type\":\"WebSite\",\"@id\":\"https:\\\/\\\/nutripro.space\\\/rohrbach\\\/#website\",\"url\":\"https:\\\/\\\/nutripro.space\\\/rohrbach\\\/\",\"name\":\"NutriPro - Deine Ern\u00e4hrungsbegleitung in Rohrbach\",\"description\":\"Deine Begleitung f\u00fcr gesundes Abnehmen, Ern\u00e4hrung &amp; Wohlf\u00fchlgewicht\",\"potentialAction\":[{\"@type\":\"SearchAction\",\"target\":{\"@type\":\"EntryPoint\",\"urlTemplate\":\"https:\\\/\\\/nutripro.space\\\/rohrbach\\\/?s={search_term_string}\"},\"query-input\":{\"@type\":\"PropertyValueSpecification\",\"valueRequired\":true,\"valueName\":\"search_term_string\"}}],\"inLanguage\":\"de\"}]}<\/script>\n<!-- \/ Yoast SEO plugin. -->","yoast_head_json":{"title":"Impressum - NutriPro - Deine Ern\u00e4hrungsbegleitung in Rohrbach","robots":{"index":"noindex","follow":"nofollow"},"og_locale":"de_DE","og_type":"article","og_title":"Impressum - NutriPro - Deine Ern\u00e4hrungsbegleitung in Rohrbach","og_description":"Impressum Name:Laura Kainberger Addresse:Krumauerstra\u00dfe 74160 Aigen-Schl\u00e4gl Unternehmensgegenstand:Ern\u00e4hrungstraining Kontaktdaten:+43 66424400laura@nutripro.at Kleinunternehmer im Sinne von \u00a76 Abs. 1 Z 27 UStG \u2013 keine Umsatzsteuer ausgewiesen Angaben zur Online-Streitbeilegung:Verbraucher haben die M\u00f6glichkeit, Beschwerden an die\u00a0Online-Streitbeilegungsplattform der EU\u00a0zu richten. Sie k\u00f6nnen allf\u00e4llige Beschwerde auch an die angegebene E-Mail-Adresse richten. Rechtliche Hinweise:Das NutriPro Erfolgskonzept dient ausschlie\u00dflich der allgemeinen Wissensvermittlung und [&hellip;]","og_url":"https:\/\/nutripro.space\/rohrbach\/impressum\/","og_site_name":"NutriPro - Deine Ern\u00e4hrungsbegleitung in Rohrbach","article_modified_time":"2025-08-13T13:01:19+00:00","twitter_card":"summary_large_image","twitter_misc":{"Gesch\u00e4tzte Lesezeit":"1\u00a0Minute"},"schema":{"@context":"https:\/\/schema.org","@graph":[{"@type":"WebPage","@id":"https:\/\/nutripro.space\/rohrbach\/impressum\/","url":"https:\/\/nutripro.space\/rohrbach\/impressum\/","name":"Impressum - NutriPro - Deine Ern\u00e4hrungsbegleitung in Rohrbach","isPartOf":{"@id":"https:\/\/nutripro.space\/rohrbach\/#website"},"datePublished":"2025-07-15T13:37:20+00:00","dateModified":"2025-08-13T13:01:19+00:00","breadcrumb":{"@id":"https:\/\/nutripro.space\/rohrbach\/impressum\/#breadcrumb"},"inLanguage":"de","potentialAction":[{"@type":"ReadAction","target":["https:\/\/nutripro.space\/rohrbach\/impressum\/"]}]},{"@type":"BreadcrumbList","@id":"https:\/\/nutripro.space\/rohrbach\/impressum\/#breadcrumb","itemListElement":[{"@type":"ListItem","position":1,"name":"Startseite","item":"https:\/\/nutripro.space\/rohrbach\/"},{"@type":"ListItem","position":2,"name":"Impressum"}]},{"@type":"WebSite","@id":"https:\/\/nutripro.space\/rohrbach\/#website","url":"https:\/\/nutripro.space\/rohrbach\/","name":"NutriPro - Deine Ern\u00e4hrungsbegleitung in Rohrbach","description":"Deine Begleitung f\u00fcr gesundes Abnehmen, Ern\u00e4hrung &amp; Wohlf\u00fchlgewicht","potentialAction":[{"@type":"SearchAction","target":{"@type":"EntryPoint","urlTemplate":"https:\/\/nutripro.space\/rohrbach\/?s={search_term_string}"},"query-input":{"@type":"PropertyValueSpecification","valueRequired":true,"valueName":"search_term_string"}}],"inLanguage":"de"}]}},"_links":{"self":[{"href":"https:\/\/nutripro.space\/rohrbach\/wp-json\/wp\/v2\/pages\/453","targetHints":{"allow":["GET"]}}],"collection":[{"href":"https:\/\/nutripro.space\/rohrbach\/wp-json\/wp\/v2\/pages"}],"about":[{"href":"https:\/\/nutripro.space\/rohrbach\/wp-json\/wp\/v2\/types\/page"}],"author":[{"embeddable":true,"href":"https:\/\/nutripro.space\/rohrbach\/wp-json\/wp\/v2\/users\/3"}],"replies":[{"embeddable":true,"href":"https:\/\/nutripro.space\/rohrbach\/wp-json\/wp\/v2\/comments?post=453"}],"version-history":[{"count":19,"href":"https:\/\/nutripro.space\/rohrbach\/wp-json\/wp\/v2\/pages\/453\/revisions"}],"predecessor-version":[{"id":667,"href":"https:\/\/nutripro.space\/rohrbach\/wp-json\/wp\/v2\/pages\/453\/revisions\/667"}],"wp:attachment":[{"href":"https:\/\/nutripro.space\/rohrbach\/wp-json\/wp\/v2\/media?parent=453"}],"curies":[{"name":"wp","href":"https:\/\/api.w.org\/{rel}","templated":true}]}}