{"id":453,"date":"2025-07-15T15:37:20","date_gmt":"2025-07-15T13:37:20","guid":{"rendered":"https:\/\/nutripro.space\/karlsruhe\/?page_id=453"},"modified":"2026-01-28T20:22:30","modified_gmt":"2026-01-28T18:22:30","slug":"impressum","status":"publish","type":"page","link":"https:\/\/nutripro.space\/karlsruhe\/impressum\/","title":{"rendered":"Impressum"},"content":{"rendered":"\t\t<div data-elementor-type=\"wp-page\" data-elementor-id=\"453\" class=\"elementor elementor-453\" data-elementor-post-type=\"page\">\n\t\t\t\t<div class=\"elementor-element elementor-element-8e65312 e-flex e-con-boxed e-con e-parent\" data-id=\"8e65312\" data-element_type=\"container\">\n\t\t\t\t\t<div class=\"e-con-inner\">\n\t\t<div class=\"elementor-element elementor-element-d6af902 e-con-full e-flex e-con e-child\" data-id=\"d6af902\" data-element_type=\"container\">\n\t\t\t\t<div class=\"elementor-element elementor-element-6da255e elementor-widget__width-initial elementor-widget elementor-widget-heading\" data-id=\"6da255e\" data-element_type=\"widget\" data-widget_type=\"heading.default\">\n\t\t\t\t<div class=\"elementor-widget-container\">\n\t\t\t\t\t<h2 class=\"elementor-heading-title elementor-size-default\">Impressum<\/h2>\t\t\t\t<\/div>\n\t\t\t\t<\/div>\n\t\t\t\t<div class=\"elementor-element elementor-element-c9d80ce elementor-widget elementor-widget-text-editor\" data-id=\"c9d80ce\" data-element_type=\"widget\" data-widget_type=\"text-editor.default\">\n\t\t\t\t<div class=\"elementor-widget-container\">\n\t\t\t\t\t\t\t\t\t<p><strong>Name:<\/strong><br \/>Lisa Covic<\/p><p><strong>Addresse:<br \/><\/strong><span class=\"a_GcMg font-feature-liga-off font-feature-clig-off font-feature-calt-off text-decoration-none text-strikethrough-none\">Bachstra\u00dfe 1a<br \/><\/span><span class=\"a_GcMg font-feature-liga-off font-feature-clig-off font-feature-calt-off text-decoration-none text-strikethrough-none\">76185 Karlsruhe<br \/><\/span><span class=\"a_GcMg font-feature-liga-off font-feature-clig-off font-feature-calt-off text-decoration-none text-strikethrough-none\">Deutschland<\/span><\/p><p><strong>Unternehmensgegenstand:<\/strong><br \/>zert. Ern\u00e4hrungsberaterin<\/p><p><strong>Kontaktdaten:<\/strong><br \/><span class=\"a_GcMg font-feature-liga-off font-feature-clig-off font-feature-calt-off font-size-modifier text-decoration-none text-strikethrough-none\">+49<span class=\"a_GcMg font-feature-liga-off font-feature-clig-off font-feature-calt-off text-decoration-none text-strikethrough-none\"> 174 2025004<\/span><\/span><br \/><span class=\"a_GcMg font-feature-liga-off font-feature-clig-off font-feature-calt-off text-decoration-none text-strikethrough-none\">lisa@nutripro.at<\/span><\/p><p>Gem\u00e4\u00df \u00a7 19 Abs. 1 UStG wird keine Umsatzsteuer berechnet.<\/p><p><strong>Angaben zur Online-Streitbeilegung:<\/strong><br \/>Verbraucher haben die M\u00f6glichkeit, Beschwerden an die\u00a0<a href=\"http:\/\/ec.europa.eu\/odr\" target=\"_blank\" rel=\"noopener nofollow\">Online-Streitbeilegungsplattform der EU<\/a>\u00a0zu richten. Sie k\u00f6nnen allf\u00e4llige Beschwerde auch an die angegebene E-Mail-Adresse richten.<\/p><p data-start=\"1587\" data-end=\"1627\"><strong data-start=\"1587\" data-end=\"1625\">Rechtlicher Hinweis (Deutschland):<\/strong><\/p><p data-start=\"1634\" data-end=\"1893\">Das NutriPro Erfolgskonzept dient der allgemeinen Wissensvermittlung im Bereich Ern\u00e4hrung und Lebensstil.<br data-start=\"1739\" data-end=\"1742\" \/>Es stellt keine medizinische, heilkundliche oder ern\u00e4hrungstherapeutische Behandlung dar und ersetzt keine \u00e4rztliche oder therapeutische Betreuung.<\/p><p data-start=\"1900\" data-end=\"1988\">Es werden keine Diagnosen gestellt und keine krankheitsbezogenen Empfehlungen gegeben.<\/p><p data-start=\"1995\" data-end=\"2168\">Bei bestehenden Erkrankungen oder speziellen gesundheitlichen Fragestellungen wird empfohlen, eine<em data-start=\"2093\" data-end=\"2101\">n \u00c4rzt<\/em>in oder eine entsprechend qualifizierte Fachperson zu konsultieren.<\/p>\t\t\t\t\t\t\t\t<\/div>\n\t\t\t\t<\/div>\n\t\t\t\t<\/div>\n\t\t\t\t\t<\/div>\n\t\t\t\t<\/div>\n\t\t\t\t<\/div>\n\t\t","protected":false},"excerpt":{"rendered":"<p>Impressum Name:Lisa Covic Addresse:Bachstra\u00dfe 1a76185 KarlsruheDeutschland Unternehmensgegenstand:zert. Ern\u00e4hrungsberaterin Kontaktdaten:+49 174 2025004lisa@nutripro.at Gem\u00e4\u00df \u00a7 19 Abs. 1 UStG wird keine Umsatzsteuer berechnet. Angaben zur Online-Streitbeilegung:Verbraucher haben die M\u00f6glichkeit, Beschwerden an die\u00a0Online-Streitbeilegungsplattform der EU\u00a0zu richten. Sie k\u00f6nnen allf\u00e4llige Beschwerde auch an die angegebene E-Mail-Adresse richten. Rechtlicher Hinweis (Deutschland): Das NutriPro Erfolgskonzept dient der allgemeinen Wissensvermittlung im Bereich [&hellip;]<\/p>\n","protected":false},"author":3,"featured_media":0,"parent":0,"menu_order":0,"comment_status":"closed","ping_status":"closed","template":"","meta":{"footnotes":""},"class_list":["post-453","page","type-page","status-publish","hentry"],"yoast_head":"<!-- This site is optimized with the Yoast SEO plugin v26.1.1 - https:\/\/yoast.com\/wordpress\/plugins\/seo\/ -->\n<title>Impressum - NutriPro - Deine Ern\u00e4hrungsberatung in Karlsruhe<\/title>\n<meta name=\"robots\" content=\"noindex, nofollow\" \/>\n<meta property=\"og:locale\" content=\"de_DE\" \/>\n<meta property=\"og:type\" content=\"article\" \/>\n<meta property=\"og:title\" content=\"Impressum - NutriPro - Deine Ern\u00e4hrungsberatung in Karlsruhe\" \/>\n<meta property=\"og:description\" content=\"Impressum Name:Lisa Covic Addresse:Bachstra\u00dfe 1a76185 KarlsruheDeutschland Unternehmensgegenstand:zert. Ern\u00e4hrungsberaterin Kontaktdaten:+49 174 2025004lisa@nutripro.at Gem\u00e4\u00df \u00a7 19 Abs. 1 UStG wird keine Umsatzsteuer berechnet. Angaben zur Online-Streitbeilegung:Verbraucher haben die M\u00f6glichkeit, Beschwerden an die\u00a0Online-Streitbeilegungsplattform der EU\u00a0zu richten. Sie k\u00f6nnen allf\u00e4llige Beschwerde auch an die angegebene E-Mail-Adresse richten. Rechtlicher Hinweis (Deutschland): Das NutriPro Erfolgskonzept dient der allgemeinen Wissensvermittlung im Bereich [&hellip;]\" \/>\n<meta property=\"og:url\" content=\"https:\/\/nutripro.space\/karlsruhe\/impressum\/\" \/>\n<meta property=\"og:site_name\" content=\"NutriPro - Deine Ern\u00e4hrungsberatung in Karlsruhe\" \/>\n<meta property=\"article:modified_time\" content=\"2026-01-28T18:22:30+00:00\" \/>\n<meta name=\"twitter:card\" content=\"summary_large_image\" \/>\n<meta name=\"twitter:label1\" content=\"Gesch\u00e4tzte Lesezeit\" \/>\n\t<meta name=\"twitter:data1\" content=\"1\u00a0Minute\" \/>\n<script type=\"application\/ld+json\" class=\"yoast-schema-graph\">{\"@context\":\"https:\/\/schema.org\",\"@graph\":[{\"@type\":\"WebPage\",\"@id\":\"https:\/\/nutripro.space\/karlsruhe\/impressum\/\",\"url\":\"https:\/\/nutripro.space\/karlsruhe\/impressum\/\",\"name\":\"Impressum - NutriPro - Deine Ern\u00e4hrungsberatung in Karlsruhe\",\"isPartOf\":{\"@id\":\"https:\/\/nutripro.space\/karlsruhe\/#website\"},\"datePublished\":\"2025-07-15T13:37:20+00:00\",\"dateModified\":\"2026-01-28T18:22:30+00:00\",\"breadcrumb\":{\"@id\":\"https:\/\/nutripro.space\/karlsruhe\/impressum\/#breadcrumb\"},\"inLanguage\":\"de\",\"potentialAction\":[{\"@type\":\"ReadAction\",\"target\":[\"https:\/\/nutripro.space\/karlsruhe\/impressum\/\"]}]},{\"@type\":\"BreadcrumbList\",\"@id\":\"https:\/\/nutripro.space\/karlsruhe\/impressum\/#breadcrumb\",\"itemListElement\":[{\"@type\":\"ListItem\",\"position\":1,\"name\":\"Startseite\",\"item\":\"https:\/\/nutripro.space\/karlsruhe\/\"},{\"@type\":\"ListItem\",\"position\":2,\"name\":\"Impressum\"}]},{\"@type\":\"WebSite\",\"@id\":\"https:\/\/nutripro.space\/karlsruhe\/#website\",\"url\":\"https:\/\/nutripro.space\/karlsruhe\/\",\"name\":\"NutriPro - Deine Ern\u00e4hrungsberatung in Karlsruhe\",\"description\":\"Deine Begleitung f\u00fcr gesundes Abnehmen, Ern\u00e4hrung &amp; Wohlf\u00fchlgewicht\",\"potentialAction\":[{\"@type\":\"SearchAction\",\"target\":{\"@type\":\"EntryPoint\",\"urlTemplate\":\"https:\/\/nutripro.space\/karlsruhe\/?s={search_term_string}\"},\"query-input\":{\"@type\":\"PropertyValueSpecification\",\"valueRequired\":true,\"valueName\":\"search_term_string\"}}],\"inLanguage\":\"de\"}]}<\/script>\n<!-- \/ Yoast SEO plugin. -->","yoast_head_json":{"title":"Impressum - NutriPro - Deine Ern\u00e4hrungsberatung in Karlsruhe","robots":{"index":"noindex","follow":"nofollow"},"og_locale":"de_DE","og_type":"article","og_title":"Impressum - NutriPro - Deine Ern\u00e4hrungsberatung in Karlsruhe","og_description":"Impressum Name:Lisa Covic Addresse:Bachstra\u00dfe 1a76185 KarlsruheDeutschland Unternehmensgegenstand:zert. Ern\u00e4hrungsberaterin Kontaktdaten:+49 174 2025004lisa@nutripro.at Gem\u00e4\u00df \u00a7 19 Abs. 1 UStG wird keine Umsatzsteuer berechnet. Angaben zur Online-Streitbeilegung:Verbraucher haben die M\u00f6glichkeit, Beschwerden an die\u00a0Online-Streitbeilegungsplattform der EU\u00a0zu richten. Sie k\u00f6nnen allf\u00e4llige Beschwerde auch an die angegebene E-Mail-Adresse richten. Rechtlicher Hinweis (Deutschland): Das NutriPro Erfolgskonzept dient der allgemeinen Wissensvermittlung im Bereich [&hellip;]","og_url":"https:\/\/nutripro.space\/karlsruhe\/impressum\/","og_site_name":"NutriPro - Deine Ern\u00e4hrungsberatung in Karlsruhe","article_modified_time":"2026-01-28T18:22:30+00:00","twitter_card":"summary_large_image","twitter_misc":{"Gesch\u00e4tzte Lesezeit":"1\u00a0Minute"},"schema":{"@context":"https:\/\/schema.org","@graph":[{"@type":"WebPage","@id":"https:\/\/nutripro.space\/karlsruhe\/impressum\/","url":"https:\/\/nutripro.space\/karlsruhe\/impressum\/","name":"Impressum - NutriPro - Deine Ern\u00e4hrungsberatung in Karlsruhe","isPartOf":{"@id":"https:\/\/nutripro.space\/karlsruhe\/#website"},"datePublished":"2025-07-15T13:37:20+00:00","dateModified":"2026-01-28T18:22:30+00:00","breadcrumb":{"@id":"https:\/\/nutripro.space\/karlsruhe\/impressum\/#breadcrumb"},"inLanguage":"de","potentialAction":[{"@type":"ReadAction","target":["https:\/\/nutripro.space\/karlsruhe\/impressum\/"]}]},{"@type":"BreadcrumbList","@id":"https:\/\/nutripro.space\/karlsruhe\/impressum\/#breadcrumb","itemListElement":[{"@type":"ListItem","position":1,"name":"Startseite","item":"https:\/\/nutripro.space\/karlsruhe\/"},{"@type":"ListItem","position":2,"name":"Impressum"}]},{"@type":"WebSite","@id":"https:\/\/nutripro.space\/karlsruhe\/#website","url":"https:\/\/nutripro.space\/karlsruhe\/","name":"NutriPro - Deine Ern\u00e4hrungsberatung in Karlsruhe","description":"Deine Begleitung f\u00fcr gesundes Abnehmen, Ern\u00e4hrung &amp; Wohlf\u00fchlgewicht","potentialAction":[{"@type":"SearchAction","target":{"@type":"EntryPoint","urlTemplate":"https:\/\/nutripro.space\/karlsruhe\/?s={search_term_string}"},"query-input":{"@type":"PropertyValueSpecification","valueRequired":true,"valueName":"search_term_string"}}],"inLanguage":"de"}]}},"_links":{"self":[{"href":"https:\/\/nutripro.space\/karlsruhe\/wp-json\/wp\/v2\/pages\/453","targetHints":{"allow":["GET"]}}],"collection":[{"href":"https:\/\/nutripro.space\/karlsruhe\/wp-json\/wp\/v2\/pages"}],"about":[{"href":"https:\/\/nutripro.space\/karlsruhe\/wp-json\/wp\/v2\/types\/page"}],"author":[{"embeddable":true,"href":"https:\/\/nutripro.space\/karlsruhe\/wp-json\/wp\/v2\/users\/3"}],"replies":[{"embeddable":true,"href":"https:\/\/nutripro.space\/karlsruhe\/wp-json\/wp\/v2\/comments?post=453"}],"version-history":[{"count":46,"href":"https:\/\/nutripro.space\/karlsruhe\/wp-json\/wp\/v2\/pages\/453\/revisions"}],"predecessor-version":[{"id":857,"href":"https:\/\/nutripro.space\/karlsruhe\/wp-json\/wp\/v2\/pages\/453\/revisions\/857"}],"wp:attachment":[{"href":"https:\/\/nutripro.space\/karlsruhe\/wp-json\/wp\/v2\/media?parent=453"}],"curies":[{"name":"wp","href":"https:\/\/api.w.org\/{rel}","templated":true}]}}